{"id":1112,"date":"2021-10-12T20:54:17","date_gmt":"2021-10-12T20:54:17","guid":{"rendered":"http:\/\/tradingcomex.com\/?page_id=1112"},"modified":"2022-01-04T15:01:17","modified_gmt":"2022-01-04T15:01:17","slug":"nosotros","status":"publish","type":"page","link":"https:\/\/tradingcomex.com\/index.php\/nosotros\/","title":{"rendered":"Nosotros"},"content":{"rendered":"\t\t<div data-elementor-type=\"wp-page\" data-elementor-id=\"1112\" class=\"elementor elementor-1112\" data-elementor-post-type=\"page\">\n\t\t\t\t\t\t<section class=\"elementor-section elementor-top-section elementor-element elementor-element-f39bdec elementor-section-full_width elementor-section-stretched elementor-section-height-default elementor-section-height-default\" data-id=\"f39bdec\" data-element_type=\"section\" data-settings=\"{&quot;stretch_section&quot;:&quot;section-stretched&quot;,&quot;background_background&quot;:&quot;classic&quot;}\">\n\t\t\t\t\t\t<div class=\"elementor-container elementor-column-gap-no\">\n\t\t\t\t\t<div class=\"elementor-column elementor-col-100 elementor-top-column elementor-element elementor-element-6d41939\" data-id=\"6d41939\" data-element_type=\"column\">\n\t\t\t<div class=\"elementor-widget-wrap elementor-element-populated\">\n\t\t\t\t\t\t<div class=\"elementor-element elementor-element-2ee2992 elementor-widget elementor-widget-menu-anchor\" data-id=\"2ee2992\" data-element_type=\"widget\" data-widget_type=\"menu-anchor.default\">\n\t\t\t\t\t\t\t<div class=\"elementor-menu-anchor\" id=\"Nosotros\"><\/div>\n\t\t\t\t\t\t<\/div>\n\t\t\t\t<div class=\"elementor-element elementor-element-d3038a9 elementor-widget elementor-widget-image\" data-id=\"d3038a9\" data-element_type=\"widget\" data-widget_type=\"image.default\">\n\t\t\t\t\t\t\t\t\t\t\t\t\t\t\t<img decoding=\"async\" src=\"https:\/\/tradingcomex.com\/wp-content\/uploads\/2021\/12\/Recurso-12.png\" title=\"Recurso 12\" alt=\"Recurso 12\" loading=\"lazy\" \/>\t\t\t\t\t\t\t\t\t\t\t\t\t\t\t<\/div>\n\t\t\t\t\t<\/div>\n\t\t<\/div>\n\t\t\t\t\t<\/div>\n\t\t<\/section>\n\t\t\t\t<section class=\"elementor-section elementor-top-section elementor-element elementor-element-33295c6 elementor-section-full_width elementor-section-height-default elementor-section-height-default\" data-id=\"33295c6\" data-element_type=\"section\">\n\t\t\t\t\t\t<div class=\"elementor-container elementor-column-gap-default\">\n\t\t\t\t\t<div class=\"elementor-column elementor-col-100 elementor-top-column elementor-element elementor-element-c69e990\" data-id=\"c69e990\" data-element_type=\"column\">\n\t\t\t<div class=\"elementor-widget-wrap elementor-element-populated\">\n\t\t\t\t\t\t<div class=\"elementor-element elementor-element-d8c4803 elementor-widget elementor-widget-spacer\" data-id=\"d8c4803\" data-element_type=\"widget\" data-widget_type=\"spacer.default\">\n\t\t\t\t\t\t\t<div class=\"elementor-spacer\">\n\t\t\t<div class=\"elementor-spacer-inner\"><\/div>\n\t\t<\/div>\n\t\t\t\t\t\t<\/div>\n\t\t\t\t<div class=\"elementor-element elementor-element-906916c elementor-widget elementor-widget-image\" data-id=\"906916c\" data-element_type=\"widget\" data-widget_type=\"image.default\">\n\t\t\t\t\t\t\t\t\t\t\t\t\t\t\t<img decoding=\"async\" width=\"300\" height=\"75\" src=\"https:\/\/tradingcomex.com\/wp-content\/uploads\/2021\/10\/Recurso-9-1-300x75.png\" class=\"attachment-medium size-medium wp-image-1157\" alt=\"\" srcset=\"https:\/\/tradingcomex.com\/wp-content\/uploads\/2021\/10\/Recurso-9-1-300x75.png 300w, https:\/\/tradingcomex.com\/wp-content\/uploads\/2021\/10\/Recurso-9-1.png 354w\" sizes=\"(max-width: 300px) 100vw, 300px\" \/>\t\t\t\t\t\t\t\t\t\t\t\t\t\t\t<\/div>\n\t\t\t\t\t<\/div>\n\t\t<\/div>\n\t\t\t\t\t<\/div>\n\t\t<\/section>\n\t\t\t\t<section class=\"elementor-section elementor-top-section elementor-element elementor-element-d82331e elementor-section-boxed elementor-section-height-default elementor-section-height-default\" data-id=\"d82331e\" data-element_type=\"section\">\n\t\t\t\t\t\t<div class=\"elementor-container elementor-column-gap-default\">\n\t\t\t\t\t<div class=\"elementor-column elementor-col-50 elementor-top-column elementor-element elementor-element-4df3450\" data-id=\"4df3450\" data-element_type=\"column\">\n\t\t\t<div class=\"elementor-widget-wrap elementor-element-populated\">\n\t\t\t\t\t\t<div class=\"elementor-element elementor-element-149d5ac elementor-widget elementor-widget-text-editor\" data-id=\"149d5ac\" data-element_type=\"widget\" data-widget_type=\"text-editor.default\">\n\t\t\t\t\t\t\t\t\t<p><img decoding=\"async\" class=\"alignnone  wp-image-1190\" src=\"http:\/\/tradingcomex.com\/wp-content\/uploads\/2021\/10\/Recurso-44-300x48.png\" alt=\"\" width=\"193\" height=\"31\" srcset=\"https:\/\/tradingcomex.com\/wp-content\/uploads\/2021\/10\/Recurso-44-300x48.png 300w, https:\/\/tradingcomex.com\/wp-content\/uploads\/2021\/10\/Recurso-44.png 439w\" sizes=\"(max-width: 193px) 100vw, 193px\" \/><\/p><p>Es una compa\u00f1\u00eda especializada en Comercio Internacional.<br \/>Act\u00faa como una sucursal u oficina comercial de empresas del mercado Europeo y Americano, interesadas en productos de nuestra \u00e1rea de operaci\u00f3n, de manera que somos partners en la compra-venta de los productos que requieren para su actividad comercial.<\/p>\t\t\t\t\t\t\t\t<\/div>\n\t\t\t\t\t<\/div>\n\t\t<\/div>\n\t\t\t\t<div class=\"elementor-column elementor-col-50 elementor-top-column elementor-element elementor-element-3c2a575\" data-id=\"3c2a575\" data-element_type=\"column\">\n\t\t\t<div class=\"elementor-widget-wrap elementor-element-populated\">\n\t\t\t\t\t\t<div class=\"elementor-element elementor-element-03835a5 elementor-widget elementor-widget-image\" data-id=\"03835a5\" data-element_type=\"widget\" data-widget_type=\"image.default\">\n\t\t\t\t\t\t\t\t\t\t\t\t\t\t\t<img fetchpriority=\"high\" decoding=\"async\" width=\"652\" height=\"391\" src=\"https:\/\/tradingcomex.com\/wp-content\/uploads\/2021\/12\/Recurso-2-1.png\" class=\"attachment-full size-full wp-image-1792\" alt=\"\" srcset=\"https:\/\/tradingcomex.com\/wp-content\/uploads\/2021\/12\/Recurso-2-1.png 652w, https:\/\/tradingcomex.com\/wp-content\/uploads\/2021\/12\/Recurso-2-1-300x180.png 300w\" sizes=\"(max-width: 652px) 100vw, 652px\" \/>\t\t\t\t\t\t\t\t\t\t\t\t\t\t\t<\/div>\n\t\t\t\t\t<\/div>\n\t\t<\/div>\n\t\t\t\t\t<\/div>\n\t\t<\/section>\n\t\t\t\t<section class=\"elementor-section elementor-top-section elementor-element elementor-element-7c0b15e elementor-section-boxed elementor-section-height-default elementor-section-height-default\" data-id=\"7c0b15e\" data-element_type=\"section\">\n\t\t\t\t\t\t<div class=\"elementor-container elementor-column-gap-default\">\n\t\t\t\t\t<div class=\"elementor-column elementor-col-50 elementor-top-column elementor-element elementor-element-fdf7402\" data-id=\"fdf7402\" data-element_type=\"column\">\n\t\t\t<div class=\"elementor-widget-wrap elementor-element-populated\">\n\t\t\t\t\t\t<div class=\"elementor-element elementor-element-08f5420 elementor-widget elementor-widget-image\" data-id=\"08f5420\" data-element_type=\"widget\" data-widget_type=\"image.default\">\n\t\t\t\t\t\t\t\t\t\t\t\t\t\t\t<img loading=\"lazy\" decoding=\"async\" width=\"300\" height=\"300\" src=\"https:\/\/tradingcomex.com\/wp-content\/uploads\/2021\/10\/Recurso-4-1-300x300.png\" class=\"attachment-medium size-medium wp-image-1152\" alt=\"\" srcset=\"https:\/\/tradingcomex.com\/wp-content\/uploads\/2021\/10\/Recurso-4-1-300x300.png 300w, https:\/\/tradingcomex.com\/wp-content\/uploads\/2021\/10\/Recurso-4-1-150x150.png 150w, https:\/\/tradingcomex.com\/wp-content\/uploads\/2021\/10\/Recurso-4-1.png 478w\" sizes=\"(max-width: 300px) 100vw, 300px\" \/>\t\t\t\t\t\t\t\t\t\t\t\t\t\t\t<\/div>\n\t\t\t\t\t<\/div>\n\t\t<\/div>\n\t\t\t\t<div class=\"elementor-column elementor-col-50 elementor-top-column elementor-element elementor-element-f3b17ae\" data-id=\"f3b17ae\" data-element_type=\"column\">\n\t\t\t<div class=\"elementor-widget-wrap elementor-element-populated\">\n\t\t\t\t\t\t<div class=\"elementor-element elementor-element-e2cbfb1 elementor-widget elementor-widget-text-editor\" data-id=\"e2cbfb1\" data-element_type=\"widget\" data-widget_type=\"text-editor.default\">\n\t\t\t\t\t\t\t\t\t<p>Nuestra misi\u00f3n es la ser un aliado estrat\u00e9gico desarrollando relaciones a largo plazo donde el ganar-ganar entre las partes sea el pilar fundamental de relaciones comerciales transparentes.<br \/>\u200b<\/p>\t\t\t\t\t\t\t\t<\/div>\n\t\t\t\t\t<\/div>\n\t\t<\/div>\n\t\t\t\t\t<\/div>\n\t\t<\/section>\n\t\t\t\t<section class=\"elementor-section elementor-top-section elementor-element elementor-element-1dcb52d elementor-section-boxed elementor-section-height-default elementor-section-height-default\" data-id=\"1dcb52d\" data-element_type=\"section\">\n\t\t\t\t\t\t<div class=\"elementor-container elementor-column-gap-default\">\n\t\t\t\t\t<div class=\"elementor-column elementor-col-50 elementor-top-column elementor-element elementor-element-ded2964\" data-id=\"ded2964\" data-element_type=\"column\">\n\t\t\t<div class=\"elementor-widget-wrap elementor-element-populated\">\n\t\t\t\t\t\t<div class=\"elementor-element elementor-element-792c11c elementor-widget elementor-widget-spacer\" data-id=\"792c11c\" data-element_type=\"widget\" data-widget_type=\"spacer.default\">\n\t\t\t\t\t\t\t<div class=\"elementor-spacer\">\n\t\t\t<div class=\"elementor-spacer-inner\"><\/div>\n\t\t<\/div>\n\t\t\t\t\t\t<\/div>\n\t\t\t\t<div class=\"elementor-element elementor-element-9df094b elementor-widget elementor-widget-text-editor\" data-id=\"9df094b\" data-element_type=\"widget\" data-widget_type=\"text-editor.default\">\n\t\t\t\t\t\t\t\t\t<p>Desarrollamos un amplio cat\u00e1logo de productos y servicios que provienen de una b\u00fasqueda meticulosa y una selecci\u00f3n de proveedores que cumplen todos los est\u00e1ndares internacionales para producir calidad, garantizando a nuestros clientes\u00a0que los productos y servicios obtenidos a trav\u00e9s de\u00a0\u00a0<img loading=\"lazy\" decoding=\"async\" class=\"alignnone wp-image-1190\" src=\"http:\/\/tradingcomex.com\/wp-content\/uploads\/2021\/10\/Recurso-44-300x48.png\" alt=\"\" width=\"163\" height=\"26\" srcset=\"https:\/\/tradingcomex.com\/wp-content\/uploads\/2021\/10\/Recurso-44-300x48.png 300w, https:\/\/tradingcomex.com\/wp-content\/uploads\/2021\/10\/Recurso-44.png 439w\" sizes=\"(max-width: 163px) 100vw, 163px\" \/>\u00a0sean altamente calificados. Nuestra principal funci\u00f3n es atender los requerimientos de los clientes, desarrollando suppliers confiables en el tiempo, con productos de excelencia.<\/p>\t\t\t\t\t\t\t\t<\/div>\n\t\t\t\t\t<\/div>\n\t\t<\/div>\n\t\t\t\t<div class=\"elementor-column elementor-col-50 elementor-top-column elementor-element elementor-element-1f6c7fb\" data-id=\"1f6c7fb\" data-element_type=\"column\">\n\t\t\t<div class=\"elementor-widget-wrap elementor-element-populated\">\n\t\t\t\t\t\t<div class=\"elementor-element elementor-element-b690526 elementor-widget elementor-widget-spacer\" data-id=\"b690526\" data-element_type=\"widget\" data-widget_type=\"spacer.default\">\n\t\t\t\t\t\t\t<div class=\"elementor-spacer\">\n\t\t\t<div class=\"elementor-spacer-inner\"><\/div>\n\t\t<\/div>\n\t\t\t\t\t\t<\/div>\n\t\t\t\t<div class=\"elementor-element elementor-element-578925a elementor-widget elementor-widget-image\" data-id=\"578925a\" data-element_type=\"widget\" data-widget_type=\"image.default\">\n\t\t\t\t\t\t\t\t\t\t\t\t\t\t\t<img loading=\"lazy\" decoding=\"async\" width=\"300\" height=\"300\" src=\"https:\/\/tradingcomex.com\/wp-content\/uploads\/2021\/10\/Recurso-5-2-300x300.png\" class=\"attachment-medium size-medium wp-image-1153\" alt=\"\" srcset=\"https:\/\/tradingcomex.com\/wp-content\/uploads\/2021\/10\/Recurso-5-2-300x300.png 300w, https:\/\/tradingcomex.com\/wp-content\/uploads\/2021\/10\/Recurso-5-2-150x150.png 150w, https:\/\/tradingcomex.com\/wp-content\/uploads\/2021\/10\/Recurso-5-2.png 478w\" sizes=\"(max-width: 300px) 100vw, 300px\" \/>\t\t\t\t\t\t\t\t\t\t\t\t\t\t\t<\/div>\n\t\t\t\t\t<\/div>\n\t\t<\/div>\n\t\t\t\t\t<\/div>\n\t\t<\/section>\n\t\t\t\t<section class=\"elementor-section elementor-top-section elementor-element elementor-element-99d6926 elementor-section-boxed elementor-section-height-default elementor-section-height-default\" data-id=\"99d6926\" data-element_type=\"section\">\n\t\t\t\t\t\t<div class=\"elementor-container elementor-column-gap-default\">\n\t\t\t\t\t<div class=\"elementor-column elementor-col-100 elementor-top-column elementor-element elementor-element-b50a165\" data-id=\"b50a165\" data-element_type=\"column\">\n\t\t\t<div class=\"elementor-widget-wrap elementor-element-populated\">\n\t\t\t\t\t\t<div class=\"elementor-element elementor-element-d31597f elementor-widget elementor-widget-spacer\" data-id=\"d31597f\" data-element_type=\"widget\" data-widget_type=\"spacer.default\">\n\t\t\t\t\t\t\t<div class=\"elementor-spacer\">\n\t\t\t<div class=\"elementor-spacer-inner\"><\/div>\n\t\t<\/div>\n\t\t\t\t\t\t<\/div>\n\t\t\t\t\t<\/div>\n\t\t<\/div>\n\t\t\t\t\t<\/div>\n\t\t<\/section>\n\t\t\t\t<section class=\"elementor-section elementor-top-section elementor-element elementor-element-f643e9e elementor-section-height-min-height elementor-section-stretched elementor-section-boxed elementor-section-height-default elementor-section-items-middle\" data-id=\"f643e9e\" data-element_type=\"section\" data-settings=\"{&quot;stretch_section&quot;:&quot;section-stretched&quot;,&quot;background_background&quot;:&quot;classic&quot;}\">\n\t\t\t\t\t\t<div class=\"elementor-container elementor-column-gap-default\">\n\t\t\t\t\t<div class=\"elementor-column elementor-col-50 elementor-top-column elementor-element elementor-element-1f7e6cd6\" data-id=\"1f7e6cd6\" data-element_type=\"column\">\n\t\t\t<div class=\"elementor-widget-wrap elementor-element-populated\">\n\t\t\t\t\t\t<div class=\"elementor-element elementor-element-3a3a7c9a elementor-widget elementor-widget-heading\" data-id=\"3a3a7c9a\" data-element_type=\"widget\" data-widget_type=\"heading.default\">\n\t\t\t\t\t<h2 class=\"elementor-heading-title elementor-size-default\">\u00bfM\u00c1S INFORMACI\u00d3N? CONT\u00c1CTANOS<\/h2>\t\t\t\t<\/div>\n\t\t\t\t<div class=\"elementor-element elementor-element-3ed96ac8 elementor-widget elementor-widget-text-editor\" data-id=\"3ed96ac8\" data-element_type=\"widget\" data-widget_type=\"text-editor.default\">\n\t\t\t\t\t\t\t\t\t<p>Estamos aqu\u00ed para asistirte. Cont\u00e1ctanos por tel\u00e9fono o mediante nuestros canales sociales.<\/p>\t\t\t\t\t\t\t\t<\/div>\n\t\t\t\t\t<\/div>\n\t\t<\/div>\n\t\t\t\t<div class=\"elementor-column elementor-col-50 elementor-top-column elementor-element elementor-element-4f8e21d1\" data-id=\"4f8e21d1\" data-element_type=\"column\">\n\t\t\t<div class=\"elementor-widget-wrap elementor-element-populated\">\n\t\t\t\t\t\t<div class=\"elementor-element elementor-element-160f48a8 elementor-widget elementor-widget-button\" data-id=\"160f48a8\" data-element_type=\"widget\" data-widget_type=\"button.default\">\n\t\t\t\t\t\t\t\t\t\t<a class=\"elementor-button elementor-button-link elementor-size-sm\" href=\"http:\/\/tradingcomex.com\/index.php\/contacto\/\">\n\t\t\t\t\t\t<span class=\"elementor-button-content-wrapper\">\n\t\t\t\t\t\t\t\t\t<span class=\"elementor-button-text\">   CONTACTAR<\/span>\n\t\t\t\t\t<\/span>\n\t\t\t\t\t<\/a>\n\t\t\t\t\t\t\t\t<\/div>\n\t\t\t\t\t<\/div>\n\t\t<\/div>\n\t\t\t\t\t<\/div>\n\t\t<\/section>\n\t\t\t\t<\/div>\n\t\t","protected":false},"excerpt":{"rendered":"<p>Es una compa\u00f1\u00eda especializada en Comercio Internacional.Act\u00faa como una sucursal u oficina comercial de empresas del mercado Europeo y Americano, interesadas en productos de nuestra \u00e1rea de operaci\u00f3n, de manera que somos partners en la compra-venta de los productos que requieren para su actividad comercial. Nuestra misi\u00f3n es la ser un aliado estrat\u00e9gico desarrollando relaciones [&hellip;]<\/p>\n","protected":false},"author":1,"featured_media":0,"parent":0,"menu_order":0,"comment_status":"closed","ping_status":"closed","template":"","meta":{"om_disable_all_campaigns":false,"_monsterinsights_skip_tracking":false,"_monsterinsights_sitenote_active":false,"_monsterinsights_sitenote_note":"","_monsterinsights_sitenote_category":0,"site-sidebar-layout":"no-sidebar","site-content-layout":"page-builder","ast-site-content-layout":"default","site-content-style":"default","site-sidebar-style":"default","ast-global-header-display":"","ast-banner-title-visibility":"","ast-main-header-display":"","ast-hfb-above-header-display":"","ast-hfb-below-header-display":"","ast-hfb-mobile-header-display":"","site-post-title":"disabled","ast-breadcrumbs-content":"","ast-featured-img":"disabled","footer-sml-layout":"","theme-transparent-header-meta":"default","adv-header-id-meta":"","stick-header-meta":"","header-above-stick-meta":"","header-main-stick-meta":"","header-below-stick-meta":"","astra-migrate-meta-layouts":"default","ast-page-background-enabled":"default","ast-page-background-meta":{"desktop":{"background-color":"","background-image":"","background-repeat":"repeat","background-position":"center center","background-size":"auto","background-attachment":"scroll","background-type":"","background-media":"","overlay-type":"","overlay-color":"","overlay-opacity":"","overlay-gradient":""},"tablet":{"background-color":"","background-image":"","background-repeat":"repeat","background-position":"center center","background-size":"auto","background-attachment":"scroll","background-type":"","background-media":"","overlay-type":"","overlay-color":"","overlay-opacity":"","overlay-gradient":""},"mobile":{"background-color":"","background-image":"","background-repeat":"repeat","background-position":"center center","background-size":"auto","background-attachment":"scroll","background-type":"","background-media":"","overlay-type":"","overlay-color":"","overlay-opacity":"","overlay-gradient":""}},"ast-content-background-meta":{"desktop":{"background-color":"var(--ast-global-color-5)","background-image":"","background-repeat":"repeat","background-position":"center center","background-size":"auto","background-attachment":"scroll","background-type":"","background-media":"","overlay-type":"","overlay-color":"","overlay-opacity":"","overlay-gradient":""},"tablet":{"background-color":"var(--ast-global-color-5)","background-image":"","background-repeat":"repeat","background-position":"center center","background-size":"auto","background-attachment":"scroll","background-type":"","background-media":"","overlay-type":"","overlay-color":"","overlay-opacity":"","overlay-gradient":""},"mobile":{"background-color":"var(--ast-global-color-5)","background-image":"","background-repeat":"repeat","background-position":"center center","background-size":"auto","background-attachment":"scroll","background-type":"","background-media":"","overlay-type":"","overlay-color":"","overlay-opacity":"","overlay-gradient":""}},"footnotes":""},"class_list":["post-1112","page","type-page","status-publish","hentry"],"aioseo_notices":[],"_links":{"self":[{"href":"https:\/\/tradingcomex.com\/index.php\/wp-json\/wp\/v2\/pages\/1112","targetHints":{"allow":["GET"]}}],"collection":[{"href":"https:\/\/tradingcomex.com\/index.php\/wp-json\/wp\/v2\/pages"}],"about":[{"href":"https:\/\/tradingcomex.com\/index.php\/wp-json\/wp\/v2\/types\/page"}],"author":[{"embeddable":true,"href":"https:\/\/tradingcomex.com\/index.php\/wp-json\/wp\/v2\/users\/1"}],"replies":[{"embeddable":true,"href":"https:\/\/tradingcomex.com\/index.php\/wp-json\/wp\/v2\/comments?post=1112"}],"version-history":[{"count":110,"href":"https:\/\/tradingcomex.com\/index.php\/wp-json\/wp\/v2\/pages\/1112\/revisions"}],"predecessor-version":[{"id":1858,"href":"https:\/\/tradingcomex.com\/index.php\/wp-json\/wp\/v2\/pages\/1112\/revisions\/1858"}],"wp:attachment":[{"href":"https:\/\/tradingcomex.com\/index.php\/wp-json\/wp\/v2\/media?parent=1112"}],"curies":[{"name":"wp","href":"https:\/\/api.w.org\/{rel}","templated":true}]}}