{"id":1129,"date":"2021-10-12T20:57:35","date_gmt":"2021-10-12T20:57:35","guid":{"rendered":"http:\/\/tradingcomex.com\/?page_id=1129"},"modified":"2022-01-04T15:02:49","modified_gmt":"2022-01-04T15:02:49","slug":"planificacion-de-negocios","status":"publish","type":"page","link":"https:\/\/tradingcomex.com\/index.php\/planificacion-de-negocios\/","title":{"rendered":"Planificacion de negocios"},"content":{"rendered":"\t\t<div data-elementor-type=\"wp-page\" data-elementor-id=\"1129\" class=\"elementor elementor-1129\" data-elementor-post-type=\"page\">\n\t\t\t\t\t\t<section class=\"elementor-section elementor-top-section elementor-element elementor-element-e4fcb6c elementor-section-height-min-height elementor-section-boxed elementor-section-height-default elementor-section-items-middle\" data-id=\"e4fcb6c\" data-element_type=\"section\">\n\t\t\t\t\t\t<div class=\"elementor-container elementor-column-gap-no\">\n\t\t\t\t\t<div class=\"elementor-column elementor-col-100 elementor-top-column elementor-element elementor-element-8141f56\" data-id=\"8141f56\" data-element_type=\"column\">\n\t\t\t<div class=\"elementor-widget-wrap elementor-element-populated\">\n\t\t\t\t\t\t<div class=\"elementor-element elementor-element-a5c2578 elementor-widget elementor-widget-image\" data-id=\"a5c2578\" data-element_type=\"widget\" data-widget_type=\"image.default\">\n\t\t\t\t\t\t\t\t\t\t\t\t\t\t\t<img decoding=\"async\" width=\"300\" height=\"112\" src=\"https:\/\/tradingcomex.com\/wp-content\/uploads\/2021\/12\/Recurso-18-300x112.png\" class=\"attachment-medium size-medium wp-image-1745\" alt=\"\" srcset=\"https:\/\/tradingcomex.com\/wp-content\/uploads\/2021\/12\/Recurso-18-300x112.png 300w, https:\/\/tradingcomex.com\/wp-content\/uploads\/2021\/12\/Recurso-18.png 532w\" sizes=\"(max-width: 300px) 100vw, 300px\" \/>\t\t\t\t\t\t\t\t\t\t\t\t\t\t\t<\/div>\n\t\t\t\t\t<\/div>\n\t\t<\/div>\n\t\t\t\t\t<\/div>\n\t\t<\/section>\n\t\t\t\t<section class=\"elementor-section elementor-top-section elementor-element elementor-element-94f6824 elementor-section-boxed elementor-section-height-default elementor-section-height-default\" data-id=\"94f6824\" data-element_type=\"section\">\n\t\t\t\t\t\t<div class=\"elementor-container elementor-column-gap-default\">\n\t\t\t\t\t<div class=\"elementor-column elementor-col-100 elementor-top-column elementor-element elementor-element-da2b0b2\" data-id=\"da2b0b2\" data-element_type=\"column\">\n\t\t\t<div class=\"elementor-widget-wrap elementor-element-populated\">\n\t\t\t\t\t\t<div class=\"elementor-element elementor-element-a446e5d elementor-invisible elementor-widget elementor-widget-image\" data-id=\"a446e5d\" data-element_type=\"widget\" data-settings=\"{&quot;_animation&quot;:&quot;fadeInDown&quot;}\" data-widget_type=\"image.default\">\n\t\t\t\t\t\t\t\t\t\t\t\t\t\t\t<img fetchpriority=\"high\" decoding=\"async\" width=\"368\" height=\"293\" src=\"https:\/\/tradingcomex.com\/wp-content\/uploads\/2021\/10\/Recurso-39.png\" class=\"attachment-large size-large wp-image-1186\" alt=\"\" srcset=\"https:\/\/tradingcomex.com\/wp-content\/uploads\/2021\/10\/Recurso-39.png 368w, https:\/\/tradingcomex.com\/wp-content\/uploads\/2021\/10\/Recurso-39-300x239.png 300w\" sizes=\"(max-width: 368px) 100vw, 368px\" \/>\t\t\t\t\t\t\t\t\t\t\t\t\t\t\t<\/div>\n\t\t\t\t\t<\/div>\n\t\t<\/div>\n\t\t\t\t\t<\/div>\n\t\t<\/section>\n\t\t\t\t<section class=\"elementor-section elementor-top-section elementor-element elementor-element-f45cc9b elementor-section-boxed elementor-section-height-default elementor-section-height-default\" data-id=\"f45cc9b\" data-element_type=\"section\">\n\t\t\t\t\t\t<div class=\"elementor-container elementor-column-gap-default\">\n\t\t\t\t\t<div class=\"elementor-column elementor-col-100 elementor-top-column elementor-element elementor-element-cfa6e3a\" data-id=\"cfa6e3a\" data-element_type=\"column\">\n\t\t\t<div class=\"elementor-widget-wrap elementor-element-populated\">\n\t\t\t\t\t\t<div class=\"elementor-element elementor-element-749afab elementor-widget elementor-widget-spacer\" data-id=\"749afab\" data-element_type=\"widget\" data-widget_type=\"spacer.default\">\n\t\t\t\t\t\t\t<div class=\"elementor-spacer\">\n\t\t\t<div class=\"elementor-spacer-inner\"><\/div>\n\t\t<\/div>\n\t\t\t\t\t\t<\/div>\n\t\t\t\t<div class=\"elementor-element elementor-element-9da6d94 elementor-widget elementor-widget-text-editor\" data-id=\"9da6d94\" data-element_type=\"widget\" data-widget_type=\"text-editor.default\">\n\t\t\t\t\t\t\t\t\t<p>La planificaci\u00f3n es el primer paso para un emprendimiento con \u00e9xito.<\/p><p>Eval\u00faa y organiza los pasos a seguir de tu futuro proyecto de la mano de\u00a0 <img decoding=\"async\" class=\"alignnone  wp-image-1190\" src=\"http:\/\/tradingcomex.com\/wp-content\/uploads\/2021\/10\/Recurso-44-300x48.png\" alt=\"\" width=\"150\" height=\"24\" srcset=\"https:\/\/tradingcomex.com\/wp-content\/uploads\/2021\/10\/Recurso-44-300x48.png 300w, https:\/\/tradingcomex.com\/wp-content\/uploads\/2021\/10\/Recurso-44.png 439w\" sizes=\"(max-width: 150px) 100vw, 150px\" \/><\/p><p>Contamos con capacidades t\u00e9cnicas y humanas para guiar tu proyecto, tendemos a focalizar nuestro conocimiento en puntos claves como: producto, clientes, exposici\u00f3n, proveedores, tiempos, aspectos econ\u00f3micos y otros factores relacionados seg\u00fan el rubro o mercado de enfoque.<br \/>\u200b<\/p>\t\t\t\t\t\t\t\t<\/div>\n\t\t\t\t\t<\/div>\n\t\t<\/div>\n\t\t\t\t\t<\/div>\n\t\t<\/section>\n\t\t\t\t<section class=\"elementor-section elementor-top-section elementor-element elementor-element-57ac9b50 elementor-section-height-min-height elementor-section-stretched elementor-section-boxed elementor-section-height-default elementor-section-items-middle\" data-id=\"57ac9b50\" data-element_type=\"section\" data-settings=\"{&quot;stretch_section&quot;:&quot;section-stretched&quot;,&quot;background_background&quot;:&quot;classic&quot;}\">\n\t\t\t\t\t\t<div class=\"elementor-container elementor-column-gap-default\">\n\t\t\t\t\t<div class=\"elementor-column elementor-col-50 elementor-top-column elementor-element elementor-element-1c817eff\" data-id=\"1c817eff\" data-element_type=\"column\">\n\t\t\t<div class=\"elementor-widget-wrap elementor-element-populated\">\n\t\t\t\t\t\t<div class=\"elementor-element elementor-element-56ffd12d elementor-widget elementor-widget-heading\" data-id=\"56ffd12d\" data-element_type=\"widget\" data-widget_type=\"heading.default\">\n\t\t\t\t\t<h2 class=\"elementor-heading-title elementor-size-default\">\u00bfM\u00c1S INFORMACI\u00d3N? CONT\u00c1CTANOS<\/h2>\t\t\t\t<\/div>\n\t\t\t\t<div class=\"elementor-element elementor-element-47a27fe0 elementor-widget elementor-widget-text-editor\" data-id=\"47a27fe0\" data-element_type=\"widget\" data-widget_type=\"text-editor.default\">\n\t\t\t\t\t\t\t\t\t<p>Estamos aqu\u00ed para asistirte. Cont\u00e1ctanos por tel\u00e9fono o mediante nuestros canales sociales.<\/p>\t\t\t\t\t\t\t\t<\/div>\n\t\t\t\t\t<\/div>\n\t\t<\/div>\n\t\t\t\t<div class=\"elementor-column elementor-col-50 elementor-top-column elementor-element elementor-element-4ed8d8ce\" data-id=\"4ed8d8ce\" data-element_type=\"column\">\n\t\t\t<div class=\"elementor-widget-wrap elementor-element-populated\">\n\t\t\t\t\t\t<div class=\"elementor-element elementor-element-5e8f0f4b elementor-widget elementor-widget-button\" data-id=\"5e8f0f4b\" data-element_type=\"widget\" data-widget_type=\"button.default\">\n\t\t\t\t\t\t\t\t\t\t<a class=\"elementor-button elementor-button-link elementor-size-sm\" href=\"http:\/\/tradingcomex.com\/index.php\/contacto\/\">\n\t\t\t\t\t\t<span class=\"elementor-button-content-wrapper\">\n\t\t\t\t\t\t\t\t\t<span class=\"elementor-button-text\">   CONTACTAR<\/span>\n\t\t\t\t\t<\/span>\n\t\t\t\t\t<\/a>\n\t\t\t\t\t\t\t\t<\/div>\n\t\t\t\t\t<\/div>\n\t\t<\/div>\n\t\t\t\t\t<\/div>\n\t\t<\/section>\n\t\t\t\t<\/div>\n\t\t","protected":false},"excerpt":{"rendered":"<p>La planificaci\u00f3n es el primer paso para un emprendimiento con \u00e9xito. Eval\u00faa y organiza los pasos a seguir de tu futuro proyecto de la mano de\u00a0 Contamos con capacidades t\u00e9cnicas y humanas para guiar tu proyecto, tendemos a focalizar nuestro conocimiento en puntos claves como: producto, clientes, exposici\u00f3n, proveedores, tiempos, aspectos econ\u00f3micos y otros factores [&hellip;]<\/p>\n","protected":false},"author":1,"featured_media":0,"parent":0,"menu_order":0,"comment_status":"closed","ping_status":"closed","template":"","meta":{"om_disable_all_campaigns":false,"_monsterinsights_skip_tracking":false,"_monsterinsights_sitenote_active":false,"_monsterinsights_sitenote_note":"","_monsterinsights_sitenote_category":0,"site-sidebar-layout":"no-sidebar","site-content-layout":"page-builder","ast-site-content-layout":"default","site-content-style":"default","site-sidebar-style":"default","ast-global-header-display":"","ast-banner-title-visibility":"","ast-main-header-display":"","ast-hfb-above-header-display":"","ast-hfb-below-header-display":"","ast-hfb-mobile-header-display":"","site-post-title":"disabled","ast-breadcrumbs-content":"","ast-featured-img":"disabled","footer-sml-layout":"","theme-transparent-header-meta":"default","adv-header-id-meta":"","stick-header-meta":"","header-above-stick-meta":"","header-main-stick-meta":"","header-below-stick-meta":"","astra-migrate-meta-layouts":"default","ast-page-background-enabled":"default","ast-page-background-meta":{"desktop":{"background-color":"","background-image":"","background-repeat":"repeat","background-position":"center center","background-size":"auto","background-attachment":"scroll","background-type":"","background-media":"","overlay-type":"","overlay-color":"","overlay-opacity":"","overlay-gradient":""},"tablet":{"background-color":"","background-image":"","background-repeat":"repeat","background-position":"center center","background-size":"auto","background-attachment":"scroll","background-type":"","background-media":"","overlay-type":"","overlay-color":"","overlay-opacity":"","overlay-gradient":""},"mobile":{"background-color":"","background-image":"","background-repeat":"repeat","background-position":"center center","background-size":"auto","background-attachment":"scroll","background-type":"","background-media":"","overlay-type":"","overlay-color":"","overlay-opacity":"","overlay-gradient":""}},"ast-content-background-meta":{"desktop":{"background-color":"var(--ast-global-color-5)","background-image":"","background-repeat":"repeat","background-position":"center center","background-size":"auto","background-attachment":"scroll","background-type":"","background-media":"","overlay-type":"","overlay-color":"","overlay-opacity":"","overlay-gradient":""},"tablet":{"background-color":"var(--ast-global-color-5)","background-image":"","background-repeat":"repeat","background-position":"center center","background-size":"auto","background-attachment":"scroll","background-type":"","background-media":"","overlay-type":"","overlay-color":"","overlay-opacity":"","overlay-gradient":""},"mobile":{"background-color":"var(--ast-global-color-5)","background-image":"","background-repeat":"repeat","background-position":"center center","background-size":"auto","background-attachment":"scroll","background-type":"","background-media":"","overlay-type":"","overlay-color":"","overlay-opacity":"","overlay-gradient":""}},"footnotes":""},"class_list":["post-1129","page","type-page","status-publish","hentry"],"aioseo_notices":[],"_links":{"self":[{"href":"https:\/\/tradingcomex.com\/index.php\/wp-json\/wp\/v2\/pages\/1129","targetHints":{"allow":["GET"]}}],"collection":[{"href":"https:\/\/tradingcomex.com\/index.php\/wp-json\/wp\/v2\/pages"}],"about":[{"href":"https:\/\/tradingcomex.com\/index.php\/wp-json\/wp\/v2\/types\/page"}],"author":[{"embeddable":true,"href":"https:\/\/tradingcomex.com\/index.php\/wp-json\/wp\/v2\/users\/1"}],"replies":[{"embeddable":true,"href":"https:\/\/tradingcomex.com\/index.php\/wp-json\/wp\/v2\/comments?post=1129"}],"version-history":[{"count":22,"href":"https:\/\/tradingcomex.com\/index.php\/wp-json\/wp\/v2\/pages\/1129\/revisions"}],"predecessor-version":[{"id":1870,"href":"https:\/\/tradingcomex.com\/index.php\/wp-json\/wp\/v2\/pages\/1129\/revisions\/1870"}],"wp:attachment":[{"href":"https:\/\/tradingcomex.com\/index.php\/wp-json\/wp\/v2\/media?parent=1129"}],"curies":[{"name":"wp","href":"https:\/\/api.w.org\/{rel}","templated":true}]}}