{"id":1498,"date":"2021-10-13T20:13:21","date_gmt":"2021-10-13T20:13:21","guid":{"rendered":"http:\/\/tradingcomex.com\/?page_id=1498"},"modified":"2021-12-03T15:02:05","modified_gmt":"2021-12-03T15:02:05","slug":"food","status":"publish","type":"page","link":"https:\/\/tradingcomex.com\/index.php\/food\/","title":{"rendered":"FOOD"},"content":{"rendered":"\t\t<div data-elementor-type=\"wp-page\" data-elementor-id=\"1498\" class=\"elementor elementor-1498\" data-elementor-post-type=\"page\">\n\t\t\t\t\t\t<section class=\"elementor-section elementor-top-section elementor-element elementor-element-d9076ab elementor-section-full_width elementor-section-height-min-height elementor-section-height-default elementor-section-items-middle\" data-id=\"d9076ab\" data-element_type=\"section\">\n\t\t\t\t\t\t<div class=\"elementor-container elementor-column-gap-no\">\n\t\t\t\t\t<div class=\"elementor-column elementor-col-100 elementor-top-column elementor-element elementor-element-862b50a\" data-id=\"862b50a\" data-element_type=\"column\">\n\t\t\t<div class=\"elementor-widget-wrap elementor-element-populated\">\n\t\t\t\t\t\t<div class=\"elementor-element elementor-element-1eb9958 elementor-widget elementor-widget-menu-anchor\" data-id=\"1eb9958\" data-element_type=\"widget\" data-widget_type=\"menu-anchor.default\">\n\t\t\t\t\t\t\t<div class=\"elementor-menu-anchor\" id=\"food\"><\/div>\n\t\t\t\t\t\t<\/div>\n\t\t\t\t<div class=\"elementor-element elementor-element-88d82fa elementor-widget elementor-widget-image\" data-id=\"88d82fa\" data-element_type=\"widget\" data-widget_type=\"image.default\">\n\t\t\t\t\t\t\t\t\t\t\t\t\t\t\t<img decoding=\"async\" width=\"601\" height=\"60\" src=\"https:\/\/tradingcomex.com\/wp-content\/uploads\/2021\/12\/Recurso-26.png\" class=\"attachment-medium_large size-medium_large wp-image-1765\" alt=\"\" srcset=\"https:\/\/tradingcomex.com\/wp-content\/uploads\/2021\/12\/Recurso-26.png 601w, https:\/\/tradingcomex.com\/wp-content\/uploads\/2021\/12\/Recurso-26-300x30.png 300w\" sizes=\"(max-width: 601px) 100vw, 601px\" \/>\t\t\t\t\t\t\t\t\t\t\t\t\t\t\t<\/div>\n\t\t\t\t\t<\/div>\n\t\t<\/div>\n\t\t\t\t\t<\/div>\n\t\t<\/section>\n\t\t\t\t<section class=\"elementor-section elementor-top-section elementor-element elementor-element-bd6b3c4 elementor-section-boxed elementor-section-height-default elementor-section-height-default\" data-id=\"bd6b3c4\" data-element_type=\"section\">\n\t\t\t\t\t\t<div class=\"elementor-container elementor-column-gap-default\">\n\t\t\t\t\t<div class=\"elementor-column elementor-col-50 elementor-top-column elementor-element elementor-element-1f2c4e8\" data-id=\"1f2c4e8\" data-element_type=\"column\">\n\t\t\t<div class=\"elementor-widget-wrap elementor-element-populated\">\n\t\t\t\t\t\t<div class=\"elementor-element elementor-element-9532a69 elementor-widget elementor-widget-heading\" data-id=\"9532a69\" data-element_type=\"widget\" data-widget_type=\"heading.default\">\n\t\t\t\t\t<h3 class=\"elementor-heading-title elementor-size-default\">Pollos Empanados\n<\/h3>\t\t\t\t<\/div>\n\t\t\t\t<div class=\"elementor-element elementor-element-527cfa3 elementor-widget elementor-widget-image\" data-id=\"527cfa3\" data-element_type=\"widget\" data-widget_type=\"image.default\">\n\t\t\t\t\t\t\t\t\t\t\t\t\t\t\t<img fetchpriority=\"high\" decoding=\"async\" width=\"300\" height=\"300\" src=\"https:\/\/tradingcomex.com\/wp-content\/uploads\/2021\/10\/Recurso-6-3-300x300.png\" class=\"attachment-medium size-medium wp-image-1510\" alt=\"\" srcset=\"https:\/\/tradingcomex.com\/wp-content\/uploads\/2021\/10\/Recurso-6-3-300x300.png 300w, https:\/\/tradingcomex.com\/wp-content\/uploads\/2021\/10\/Recurso-6-3-150x150.png 150w, https:\/\/tradingcomex.com\/wp-content\/uploads\/2021\/10\/Recurso-6-3.png 511w\" sizes=\"(max-width: 300px) 100vw, 300px\" \/>\t\t\t\t\t\t\t\t\t\t\t\t\t\t\t<\/div>\n\t\t\t\t\t<\/div>\n\t\t<\/div>\n\t\t\t\t<div class=\"elementor-column elementor-col-50 elementor-top-column elementor-element elementor-element-c24b46c\" data-id=\"c24b46c\" data-element_type=\"column\">\n\t\t\t<div class=\"elementor-widget-wrap elementor-element-populated\">\n\t\t\t\t\t\t<div class=\"elementor-element elementor-element-8823caa elementor-widget elementor-widget-heading\" data-id=\"8823caa\" data-element_type=\"widget\" data-widget_type=\"heading.default\">\n\t\t\t\t\t<h3 class=\"elementor-heading-title elementor-size-default\">Pescados Empanados\n<\/h3>\t\t\t\t<\/div>\n\t\t\t\t<div class=\"elementor-element elementor-element-d36d81d elementor-widget elementor-widget-image\" data-id=\"d36d81d\" data-element_type=\"widget\" data-widget_type=\"image.default\">\n\t\t\t\t\t\t\t\t\t\t\t\t\t\t\t<img decoding=\"async\" width=\"300\" height=\"300\" src=\"https:\/\/tradingcomex.com\/wp-content\/uploads\/2021\/10\/Recurso-5-4-300x300.png\" class=\"attachment-medium size-medium wp-image-1509\" alt=\"\" srcset=\"https:\/\/tradingcomex.com\/wp-content\/uploads\/2021\/10\/Recurso-5-4-300x300.png 300w, https:\/\/tradingcomex.com\/wp-content\/uploads\/2021\/10\/Recurso-5-4-150x150.png 150w, https:\/\/tradingcomex.com\/wp-content\/uploads\/2021\/10\/Recurso-5-4.png 511w\" sizes=\"(max-width: 300px) 100vw, 300px\" \/>\t\t\t\t\t\t\t\t\t\t\t\t\t\t\t<\/div>\n\t\t\t\t\t<\/div>\n\t\t<\/div>\n\t\t\t\t\t<\/div>\n\t\t<\/section>\n\t\t\t\t<section class=\"elementor-section elementor-top-section elementor-element elementor-element-54b83a6 elementor-section-boxed elementor-section-height-default elementor-section-height-default\" data-id=\"54b83a6\" data-element_type=\"section\">\n\t\t\t\t\t\t<div class=\"elementor-container elementor-column-gap-default\">\n\t\t\t\t\t<div class=\"elementor-column elementor-col-100 elementor-top-column elementor-element elementor-element-18563f6\" data-id=\"18563f6\" data-element_type=\"column\">\n\t\t\t<div class=\"elementor-widget-wrap elementor-element-populated\">\n\t\t\t\t\t\t<div class=\"elementor-element elementor-element-c1c8511 elementor-widget elementor-widget-spacer\" data-id=\"c1c8511\" data-element_type=\"widget\" data-widget_type=\"spacer.default\">\n\t\t\t\t\t\t\t<div class=\"elementor-spacer\">\n\t\t\t<div class=\"elementor-spacer-inner\"><\/div>\n\t\t<\/div>\n\t\t\t\t\t\t<\/div>\n\t\t\t\t\t<\/div>\n\t\t<\/div>\n\t\t\t\t\t<\/div>\n\t\t<\/section>\n\t\t\t\t<section class=\"elementor-section elementor-top-section elementor-element elementor-element-02be282 elementor-section-boxed elementor-section-height-default elementor-section-height-default\" data-id=\"02be282\" data-element_type=\"section\">\n\t\t\t\t\t\t<div class=\"elementor-container elementor-column-gap-default\">\n\t\t\t\t\t<div class=\"elementor-column elementor-col-50 elementor-top-column elementor-element elementor-element-ee65d2c\" data-id=\"ee65d2c\" data-element_type=\"column\">\n\t\t\t<div class=\"elementor-widget-wrap elementor-element-populated\">\n\t\t\t\t\t\t<div class=\"elementor-element elementor-element-f05fff6 elementor-widget elementor-widget-heading\" data-id=\"f05fff6\" data-element_type=\"widget\" data-widget_type=\"heading.default\">\n\t\t\t\t\t<h3 class=\"elementor-heading-title elementor-size-default\">Vegetales Congelados<\/h3>\t\t\t\t<\/div>\n\t\t\t\t<div class=\"elementor-element elementor-element-810634a elementor-widget elementor-widget-image\" data-id=\"810634a\" data-element_type=\"widget\" data-widget_type=\"image.default\">\n\t\t\t\t\t\t\t\t\t\t\t\t\t\t\t<img loading=\"lazy\" decoding=\"async\" width=\"300\" height=\"300\" src=\"https:\/\/tradingcomex.com\/wp-content\/uploads\/2021\/10\/Recurso-8-3-300x300.png\" class=\"attachment-medium size-medium wp-image-1515\" alt=\"\" srcset=\"https:\/\/tradingcomex.com\/wp-content\/uploads\/2021\/10\/Recurso-8-3-300x300.png 300w, https:\/\/tradingcomex.com\/wp-content\/uploads\/2021\/10\/Recurso-8-3-150x150.png 150w, https:\/\/tradingcomex.com\/wp-content\/uploads\/2021\/10\/Recurso-8-3.png 511w\" sizes=\"(max-width: 300px) 100vw, 300px\" \/>\t\t\t\t\t\t\t\t\t\t\t\t\t\t\t<\/div>\n\t\t\t\t\t<\/div>\n\t\t<\/div>\n\t\t\t\t<div class=\"elementor-column elementor-col-50 elementor-top-column elementor-element elementor-element-ac41888\" data-id=\"ac41888\" data-element_type=\"column\">\n\t\t\t<div class=\"elementor-widget-wrap elementor-element-populated\">\n\t\t\t\t\t\t<div class=\"elementor-element elementor-element-2919fd3 elementor-widget elementor-widget-heading\" data-id=\"2919fd3\" data-element_type=\"widget\" data-widget_type=\"heading.default\">\n\t\t\t\t\t<h3 class=\"elementor-heading-title elementor-size-default\">Frutas Congeladas<\/h3>\t\t\t\t<\/div>\n\t\t\t\t<div class=\"elementor-element elementor-element-a9063e0 elementor-widget elementor-widget-image\" data-id=\"a9063e0\" data-element_type=\"widget\" data-widget_type=\"image.default\">\n\t\t\t\t\t\t\t\t\t\t\t\t\t\t\t<img loading=\"lazy\" decoding=\"async\" width=\"300\" height=\"300\" src=\"https:\/\/tradingcomex.com\/wp-content\/uploads\/2021\/10\/Recurso-4-3-300x300.png\" class=\"attachment-medium size-medium wp-image-1508\" alt=\"\" srcset=\"https:\/\/tradingcomex.com\/wp-content\/uploads\/2021\/10\/Recurso-4-3-300x300.png 300w, https:\/\/tradingcomex.com\/wp-content\/uploads\/2021\/10\/Recurso-4-3-150x150.png 150w, https:\/\/tradingcomex.com\/wp-content\/uploads\/2021\/10\/Recurso-4-3.png 511w\" sizes=\"(max-width: 300px) 100vw, 300px\" \/>\t\t\t\t\t\t\t\t\t\t\t\t\t\t\t<\/div>\n\t\t\t\t\t<\/div>\n\t\t<\/div>\n\t\t\t\t\t<\/div>\n\t\t<\/section>\n\t\t\t\t<section class=\"elementor-section elementor-top-section elementor-element elementor-element-94ec826 elementor-section-boxed elementor-section-height-default elementor-section-height-default\" data-id=\"94ec826\" data-element_type=\"section\">\n\t\t\t\t\t\t<div class=\"elementor-container elementor-column-gap-default\">\n\t\t\t\t\t<div class=\"elementor-column elementor-col-100 elementor-top-column elementor-element elementor-element-c55c9a0\" data-id=\"c55c9a0\" data-element_type=\"column\">\n\t\t\t<div class=\"elementor-widget-wrap elementor-element-populated\">\n\t\t\t\t\t\t<div class=\"elementor-element elementor-element-f896acf elementor-widget elementor-widget-spacer\" data-id=\"f896acf\" data-element_type=\"widget\" data-widget_type=\"spacer.default\">\n\t\t\t\t\t\t\t<div class=\"elementor-spacer\">\n\t\t\t<div class=\"elementor-spacer-inner\"><\/div>\n\t\t<\/div>\n\t\t\t\t\t\t<\/div>\n\t\t\t\t\t<\/div>\n\t\t<\/div>\n\t\t\t\t\t<\/div>\n\t\t<\/section>\n\t\t\t\t<section class=\"elementor-section elementor-top-section elementor-element elementor-element-91a8d57 elementor-section-boxed elementor-section-height-default elementor-section-height-default\" data-id=\"91a8d57\" data-element_type=\"section\">\n\t\t\t\t\t\t<div class=\"elementor-container elementor-column-gap-default\">\n\t\t\t\t\t<div class=\"elementor-column elementor-col-50 elementor-top-column elementor-element elementor-element-8f26a96\" data-id=\"8f26a96\" data-element_type=\"column\">\n\t\t\t<div class=\"elementor-widget-wrap elementor-element-populated\">\n\t\t\t\t\t\t<div class=\"elementor-element elementor-element-15d224e elementor-widget elementor-widget-heading\" data-id=\"15d224e\" data-element_type=\"widget\" data-widget_type=\"heading.default\">\n\t\t\t\t\t<h3 class=\"elementor-heading-title elementor-size-default\">Carnes Argentinas y Pollo<\/h3>\t\t\t\t<\/div>\n\t\t\t\t<div class=\"elementor-element elementor-element-2e71360 elementor-widget elementor-widget-image\" data-id=\"2e71360\" data-element_type=\"widget\" data-widget_type=\"image.default\">\n\t\t\t\t\t\t\t\t\t\t\t\t\t\t\t<img loading=\"lazy\" decoding=\"async\" width=\"300\" height=\"300\" src=\"https:\/\/tradingcomex.com\/wp-content\/uploads\/2021\/10\/Recurso-1-4-300x300.png\" class=\"attachment-medium size-medium wp-image-1505\" alt=\"\" srcset=\"https:\/\/tradingcomex.com\/wp-content\/uploads\/2021\/10\/Recurso-1-4-300x300.png 300w, https:\/\/tradingcomex.com\/wp-content\/uploads\/2021\/10\/Recurso-1-4-150x150.png 150w, https:\/\/tradingcomex.com\/wp-content\/uploads\/2021\/10\/Recurso-1-4.png 511w\" sizes=\"(max-width: 300px) 100vw, 300px\" \/>\t\t\t\t\t\t\t\t\t\t\t\t\t\t\t<\/div>\n\t\t\t\t\t<\/div>\n\t\t<\/div>\n\t\t\t\t<div class=\"elementor-column elementor-col-50 elementor-top-column elementor-element elementor-element-ebe32de\" data-id=\"ebe32de\" data-element_type=\"column\">\n\t\t\t<div class=\"elementor-widget-wrap elementor-element-populated\">\n\t\t\t\t\t\t<div class=\"elementor-element elementor-element-1642e69 elementor-widget elementor-widget-heading\" data-id=\"1642e69\" data-element_type=\"widget\" data-widget_type=\"heading.default\">\n\t\t\t\t\t<h3 class=\"elementor-heading-title elementor-size-default\">Alimentos del Mar<\/h3>\t\t\t\t<\/div>\n\t\t\t\t<div class=\"elementor-element elementor-element-62754aa elementor-widget elementor-widget-image\" data-id=\"62754aa\" data-element_type=\"widget\" data-widget_type=\"image.default\">\n\t\t\t\t\t\t\t\t\t\t\t\t\t\t\t<img loading=\"lazy\" decoding=\"async\" width=\"300\" height=\"300\" src=\"https:\/\/tradingcomex.com\/wp-content\/uploads\/2021\/10\/Recurso-3-4-300x300.png\" class=\"attachment-medium size-medium wp-image-1507\" alt=\"\" srcset=\"https:\/\/tradingcomex.com\/wp-content\/uploads\/2021\/10\/Recurso-3-4-300x300.png 300w, https:\/\/tradingcomex.com\/wp-content\/uploads\/2021\/10\/Recurso-3-4-150x150.png 150w, https:\/\/tradingcomex.com\/wp-content\/uploads\/2021\/10\/Recurso-3-4.png 511w\" sizes=\"(max-width: 300px) 100vw, 300px\" \/>\t\t\t\t\t\t\t\t\t\t\t\t\t\t\t<\/div>\n\t\t\t\t\t<\/div>\n\t\t<\/div>\n\t\t\t\t\t<\/div>\n\t\t<\/section>\n\t\t\t\t<section class=\"elementor-section elementor-top-section elementor-element elementor-element-f902004 elementor-section-boxed elementor-section-height-default elementor-section-height-default\" data-id=\"f902004\" data-element_type=\"section\">\n\t\t\t\t\t\t<div class=\"elementor-container elementor-column-gap-default\">\n\t\t\t\t\t<div class=\"elementor-column elementor-col-100 elementor-top-column elementor-element elementor-element-66ed8ff\" data-id=\"66ed8ff\" data-element_type=\"column\">\n\t\t\t<div class=\"elementor-widget-wrap elementor-element-populated\">\n\t\t\t\t\t\t<div class=\"elementor-element elementor-element-be31ee4 elementor-widget elementor-widget-heading\" data-id=\"be31ee4\" data-element_type=\"widget\" data-widget_type=\"heading.default\">\n\t\t\t\t\t<h3 class=\"elementor-heading-title elementor-size-default\">Los Mejores Vinos<\/h3>\t\t\t\t<\/div>\n\t\t\t\t<div class=\"elementor-element elementor-element-0a118aa elementor-widget elementor-widget-image\" data-id=\"0a118aa\" data-element_type=\"widget\" data-widget_type=\"image.default\">\n\t\t\t\t\t\t\t\t\t\t\t\t\t\t\t<img loading=\"lazy\" decoding=\"async\" width=\"300\" height=\"300\" src=\"https:\/\/tradingcomex.com\/wp-content\/uploads\/2021\/10\/Recurso-2-5-300x300.png\" class=\"attachment-medium size-medium wp-image-1506\" alt=\"\" srcset=\"https:\/\/tradingcomex.com\/wp-content\/uploads\/2021\/10\/Recurso-2-5-300x300.png 300w, https:\/\/tradingcomex.com\/wp-content\/uploads\/2021\/10\/Recurso-2-5-150x150.png 150w, https:\/\/tradingcomex.com\/wp-content\/uploads\/2021\/10\/Recurso-2-5.png 511w\" sizes=\"(max-width: 300px) 100vw, 300px\" \/>\t\t\t\t\t\t\t\t\t\t\t\t\t\t\t<\/div>\n\t\t\t\t\t<\/div>\n\t\t<\/div>\n\t\t\t\t\t<\/div>\n\t\t<\/section>\n\t\t\t\t<section class=\"elementor-section elementor-top-section elementor-element elementor-element-658fe0e elementor-section-boxed elementor-section-height-default elementor-section-height-default\" data-id=\"658fe0e\" data-element_type=\"section\">\n\t\t\t\t\t\t<div class=\"elementor-container elementor-column-gap-default\">\n\t\t\t\t\t<div class=\"elementor-column elementor-col-100 elementor-top-column elementor-element elementor-element-e5f03b8\" data-id=\"e5f03b8\" data-element_type=\"column\">\n\t\t\t<div class=\"elementor-widget-wrap elementor-element-populated\">\n\t\t\t\t\t\t<div class=\"elementor-element elementor-element-8c82861 elementor-widget elementor-widget-spacer\" data-id=\"8c82861\" data-element_type=\"widget\" data-widget_type=\"spacer.default\">\n\t\t\t\t\t\t\t<div class=\"elementor-spacer\">\n\t\t\t<div class=\"elementor-spacer-inner\"><\/div>\n\t\t<\/div>\n\t\t\t\t\t\t<\/div>\n\t\t\t\t\t<\/div>\n\t\t<\/div>\n\t\t\t\t\t<\/div>\n\t\t<\/section>\n\t\t\t\t<section class=\"elementor-section elementor-top-section elementor-element elementor-element-69dc7c3a elementor-section-height-min-height elementor-section-stretched elementor-section-boxed elementor-section-height-default elementor-section-items-middle\" data-id=\"69dc7c3a\" data-element_type=\"section\" data-settings=\"{&quot;stretch_section&quot;:&quot;section-stretched&quot;,&quot;background_background&quot;:&quot;classic&quot;}\">\n\t\t\t\t\t\t<div class=\"elementor-container elementor-column-gap-default\">\n\t\t\t\t\t<div class=\"elementor-column elementor-col-50 elementor-top-column elementor-element elementor-element-16b8a08a\" data-id=\"16b8a08a\" data-element_type=\"column\">\n\t\t\t<div class=\"elementor-widget-wrap elementor-element-populated\">\n\t\t\t\t\t\t<div class=\"elementor-element elementor-element-1e9ab1a8 elementor-widget elementor-widget-heading\" data-id=\"1e9ab1a8\" data-element_type=\"widget\" data-widget_type=\"heading.default\">\n\t\t\t\t\t<h2 class=\"elementor-heading-title elementor-size-default\">\u00bfM\u00c1S INFORMACI\u00d3N? CONT\u00c1CTANOS<\/h2>\t\t\t\t<\/div>\n\t\t\t\t<div class=\"elementor-element elementor-element-7c8668d1 elementor-widget elementor-widget-text-editor\" data-id=\"7c8668d1\" data-element_type=\"widget\" data-widget_type=\"text-editor.default\">\n\t\t\t\t\t\t\t\t\t<p>Estamos aqu\u00ed para asistirte. Cont\u00e1ctanos por tel\u00e9fono o mediante nuestros canales sociales.<\/p>\t\t\t\t\t\t\t\t<\/div>\n\t\t\t\t\t<\/div>\n\t\t<\/div>\n\t\t\t\t<div class=\"elementor-column elementor-col-50 elementor-top-column elementor-element elementor-element-20f013f7\" data-id=\"20f013f7\" data-element_type=\"column\">\n\t\t\t<div class=\"elementor-widget-wrap elementor-element-populated\">\n\t\t\t\t\t\t<div class=\"elementor-element elementor-element-5a277d35 elementor-widget elementor-widget-button\" data-id=\"5a277d35\" data-element_type=\"widget\" data-widget_type=\"button.default\">\n\t\t\t\t\t\t\t\t\t\t<a class=\"elementor-button elementor-button-link elementor-size-sm\" href=\"#\">\n\t\t\t\t\t\t<span class=\"elementor-button-content-wrapper\">\n\t\t\t\t\t\t\t\t\t<span class=\"elementor-button-text\">   CONTACTAR<\/span>\n\t\t\t\t\t<\/span>\n\t\t\t\t\t<\/a>\n\t\t\t\t\t\t\t\t<\/div>\n\t\t\t\t\t<\/div>\n\t\t<\/div>\n\t\t\t\t\t<\/div>\n\t\t<\/section>\n\t\t\t\t<\/div>\n\t\t","protected":false},"excerpt":{"rendered":"<p>Pollos Empanados Pescados Empanados Vegetales Congelados Frutas Congeladas Carnes Argentinas y Pollo Alimentos del Mar Los Mejores Vinos \u00bfM\u00c1S INFORMACI\u00d3N? CONT\u00c1CTANOS Estamos aqu\u00ed para asistirte. Cont\u00e1ctanos por tel\u00e9fono o mediante nuestros canales sociales. CONTACTAR<\/p>\n","protected":false},"author":1,"featured_media":0,"parent":0,"menu_order":0,"comment_status":"closed","ping_status":"closed","template":"","meta":{"om_disable_all_campaigns":false,"_monsterinsights_skip_tracking":false,"_monsterinsights_sitenote_active":false,"_monsterinsights_sitenote_note":"","_monsterinsights_sitenote_category":0,"site-sidebar-layout":"no-sidebar","site-content-layout":"page-builder","ast-site-content-layout":"default","site-content-style":"default","site-sidebar-style":"default","ast-global-header-display":"","ast-banner-title-visibility":"","ast-main-header-display":"","ast-hfb-above-header-display":"","ast-hfb-below-header-display":"","ast-hfb-mobile-header-display":"","site-post-title":"disabled","ast-breadcrumbs-content":"","ast-featured-img":"disabled","footer-sml-layout":"","theme-transparent-header-meta":"default","adv-header-id-meta":"","stick-header-meta":"","header-above-stick-meta":"","header-main-stick-meta":"","header-below-stick-meta":"","astra-migrate-meta-layouts":"default","ast-page-background-enabled":"default","ast-page-background-meta":{"desktop":{"background-color":"","background-image":"","background-repeat":"repeat","background-position":"center center","background-size":"auto","background-attachment":"scroll","background-type":"","background-media":"","overlay-type":"","overlay-color":"","overlay-opacity":"","overlay-gradient":""},"tablet":{"background-color":"","background-image":"","background-repeat":"repeat","background-position":"center center","background-size":"auto","background-attachment":"scroll","background-type":"","background-media":"","overlay-type":"","overlay-color":"","overlay-opacity":"","overlay-gradient":""},"mobile":{"background-color":"","background-image":"","background-repeat":"repeat","background-position":"center center","background-size":"auto","background-attachment":"scroll","background-type":"","background-media":"","overlay-type":"","overlay-color":"","overlay-opacity":"","overlay-gradient":""}},"ast-content-background-meta":{"desktop":{"background-color":"var(--ast-global-color-5)","background-image":"","background-repeat":"repeat","background-position":"center center","background-size":"auto","background-attachment":"scroll","background-type":"","background-media":"","overlay-type":"","overlay-color":"","overlay-opacity":"","overlay-gradient":""},"tablet":{"background-color":"var(--ast-global-color-5)","background-image":"","background-repeat":"repeat","background-position":"center center","background-size":"auto","background-attachment":"scroll","background-type":"","background-media":"","overlay-type":"","overlay-color":"","overlay-opacity":"","overlay-gradient":""},"mobile":{"background-color":"var(--ast-global-color-5)","background-image":"","background-repeat":"repeat","background-position":"center center","background-size":"auto","background-attachment":"scroll","background-type":"","background-media":"","overlay-type":"","overlay-color":"","overlay-opacity":"","overlay-gradient":""}},"footnotes":""},"class_list":["post-1498","page","type-page","status-publish","hentry"],"aioseo_notices":[],"_links":{"self":[{"href":"https:\/\/tradingcomex.com\/index.php\/wp-json\/wp\/v2\/pages\/1498","targetHints":{"allow":["GET"]}}],"collection":[{"href":"https:\/\/tradingcomex.com\/index.php\/wp-json\/wp\/v2\/pages"}],"about":[{"href":"https:\/\/tradingcomex.com\/index.php\/wp-json\/wp\/v2\/types\/page"}],"author":[{"embeddable":true,"href":"https:\/\/tradingcomex.com\/index.php\/wp-json\/wp\/v2\/users\/1"}],"replies":[{"embeddable":true,"href":"https:\/\/tradingcomex.com\/index.php\/wp-json\/wp\/v2\/comments?post=1498"}],"version-history":[{"count":28,"href":"https:\/\/tradingcomex.com\/index.php\/wp-json\/wp\/v2\/pages\/1498\/revisions"}],"predecessor-version":[{"id":1768,"href":"https:\/\/tradingcomex.com\/index.php\/wp-json\/wp\/v2\/pages\/1498\/revisions\/1768"}],"wp:attachment":[{"href":"https:\/\/tradingcomex.com\/index.php\/wp-json\/wp\/v2\/media?parent=1498"}],"curies":[{"name":"wp","href":"https:\/\/api.w.org\/{rel}","templated":true}]}}